{"id":113,"date":"2016-08-21T20:14:21","date_gmt":"2016-08-21T18:14:21","guid":{"rendered":"https:\/\/neu.polobentheim.de\/en\/?page_id=113"},"modified":"2016-08-21T20:14:21","modified_gmt":"2016-08-21T18:14:21","slug":"polo","status":"publish","type":"page","link":"https:\/\/polobentheim.de\/en\/polo\/","title":{"rendered":"Polo"},"content":{"rendered":"<h1>What is Polo?<\/h1>\n<p>Das Wort &#8220;Polo&#8221; kommt aus West-Tibet und bedeutet &#8220;Weideknorren&#8221; &#8211; das Material, aus dem der Polo-Ball gefertigt wird. Noch heute hat der rasante Pferdesport den Namen &#8220;Polo&#8221;. Wann und wo es erstmals gespielt wurde, l\u00e4\u00dft sich nicht mehr genau feststellen. Forschungen haben ergeben, dass Polo bereits im 7. Jahrhundert v.Chr. erw\u00e4hnt wurde und dass es seinen Ursprung im alten Persien hatte. Es fand bald weite Verbreitung in China, Japan und dem \u00fcbrigen Asien. Polo war das &#8220;Spiel der K\u00f6nige&#8221; und hatte mittelbar und unmittelbar gro\u00dfen Einflu\u00df auf die Staatsf\u00fchrung mancher V\u00f6lker.<\/p>\n<p>1865 lernten es die Engl\u00e4nder in Manipur kennen. Oberst R. Stewart gr\u00fcndete den ersten englischen Polo-Club und verfasste die ersten Polo-Regeln in englischer Sprache. Captain Watson von den 13th Hussars brachte das Spiel 1869 nach England und 1871 fand in Aldershot das erste \u00f6ffentliche Wettspiel zwischen den 9th Lancers und den 10th Hussars mit damals noch acht Spielern auf jeder Seite statt. Heute werden alle Polo-Belange von der Hurlingham Polo Associaltion geregelt.<\/p>\n<p>1898 wurde in Deutschland der erste Polo-Club gegr\u00fcndet, und zwar in Hamburg. Nach dem Zweiten Weltkrieg schied Polo als Disziplin der Olympischen Spiele aus.<\/p>\n<p>Heute findet man Polo Clubs u.a. in Berlin, Hamburg, M\u00fcnchen, D\u00fcsseldorf, N\u00fcrnberg, Bad Lippspringe, Fallingbostel, Soltau und hier in Bad Bentheim.<\/p>\n<h1>Das Polo Team<\/h1>\n<p>Das Polo Team hat 4 Spieler, diese teilen sich auf in Angreifer und Verteidiger.<\/p>\n<ul>\n<li>Nr. 1 ist die Angriffsspitze<\/li>\n<li>Nr. 2 bereitet den Angriff vor und gibt den Ball zur Attake an Nr. 1 weiter<\/li>\n<li>Nr. 3 ist der Spielmacher, der das Spiel dirigiert und die Verteidigung unterst\u00fctzt.<\/li>\n<li>Nr. 4 ist der Verteidiger, der letzte Mann, der den Gegner hindern soll, ein Tor zu schie\u00dfen.<\/li>\n<\/ul>\n<h3>Schiedsrichter<\/h3>\n<p>Das Spiel wird von zwei Schiedsrichtern und einem Oberschiedsrichter geleitet, der sich am Spielfeldrand aufh\u00e4lt. Letzterer entscheidet, ob ein Foul gegeben wird oder nicht, wenn die Schiedsrichter sich nicht einigen k\u00f6nnen. Die Schiedsrichter k\u00f6nnen folgende Strafen verh\u00e4ngen:<\/p>\n<ol>\n<li>Freischlag von dem Punkt, an dem das Foul begangen wurde. Gegenspieler m\u00fcssen 30 Yards entfernt sein.<\/li>\n<li>Freischlag von der Mitte des Feldes. Gegenspieler m\u00fcssen 30 Yards entfernt sein.<\/li>\n<li>Freischlag auf das gedeckte Tor von der 60 Yard-Linie. Gegenspieler m\u00fcssen 30 Yards entfernt sein.<\/li>\n<li>Freischlag direkt auf das Tor von der 40 Yard-Line<\/li>\n<li>Freischlag direkt auf das Tor von der 30 Yard-Linie<\/li>\n<li>Freitor<\/li>\n<\/ol>\n<p>Handicap<\/p>\n<p>Jeder Spieler ist von -2 bis +10 (beste Spieler) gehandicapt. Das Durchschnittshandicap der vier Spieler eines Teams ist das Teamhandicap. Haben Teams unterschiedliche Team Handicaps, bekommt das Team mit den geringeren Handicap einen Tor-Vorsprung; so k\u00f6nnen auch halbe Tore entstehen.<\/p>\n<h1>Die Spielregeln<\/h1>\n<p>Die wenigen, einfachen Polo-Regeln sind vor allem f\u00fcr die Sicherheit des Spielers und der Polo-Ponys bestimmt \u2013 beispielsweise um Zusammenst\u00f6\u00dfe zu vermeiden. Die Regeln enthalten folgende Bestimmungen:<\/p>\n<ol>\n<li>\n<h3>Das Wegerecht<\/h3>\n<p>Der Spieler, der den Kurs des Balls genau verfolgt, hat das Wegerecht gegen\u00fcber den anderen Spielern. Ein Spieler darf weder vor dieser Linie kreuzen, noch sich darauf befinden oder einen Spieler daran hindern, ihr zu folgen.<\/li>\n<li>\n<h3>Gef\u00e4hrliches Reiten<\/h3>\n<p>Spieler d\u00fcrfen versuchen, den Gegner vom Kurs abzubringen, indem sie direkt neben ihm reiten und sich zu ihm r\u00fcberlehnen. Dies darf nicht in einem zu spitzen Winkel erfolgen, und nur die Schulter darf benutzt werden. Einen Gegner zwischen zwei Spielern einzuklemmen sowie einen Gegner in das Wegerecht eines anderen Spielers zu dr\u00e4ngen, wird bestraft.<\/li>\n<li>\n<h3>Gef\u00e4hrliches Stockspiel<\/h3>\n<p>Das Haken eines Stocks ist dem Angreifer nur von der Seite erlaubt, von der der Gegner seinen Schlag ausf\u00fchren will. Verboten sind alle Schl\u00e4ge, die ein Pony stolpern lassen k\u00f6nnen.<\/li>\n<\/ol>\n<p>Dar\u00fcber hinaus werden die Tore nach jedem Treffer gewechselt.<\/p>\n","protected":false},"excerpt":{"rendered":"<p>What is Polo? Das Wort &#8220;Polo&#8221; kommt aus West-Tibet und bedeutet &#8220;Weideknorren&#8221; &#8211; das Material, aus dem der Polo-Ball gefertigt wird. Noch heute hat der rasante Pferdesport den Namen &#8220;Polo&#8221;. Wann und wo es erstmals gespielt wurde, l\u00e4\u00dft sich nicht mehr genau feststellen. Forschungen haben ergeben, dass Polo bereits im 7. Jahrhundert v.Chr. erw\u00e4hnt wurde&#8230;<\/p>\n","protected":false},"author":2,"featured_media":90,"parent":0,"menu_order":0,"comment_status":"closed","ping_status":"closed","template":"","meta":{"footnotes":""},"_links":{"self":[{"href":"https:\/\/polobentheim.de\/en\/wp-json\/wp\/v2\/pages\/113"}],"collection":[{"href":"https:\/\/polobentheim.de\/en\/wp-json\/wp\/v2\/pages"}],"about":[{"href":"https:\/\/polobentheim.de\/en\/wp-json\/wp\/v2\/types\/page"}],"author":[{"embeddable":true,"href":"https:\/\/polobentheim.de\/en\/wp-json\/wp\/v2\/users\/2"}],"replies":[{"embeddable":true,"href":"https:\/\/polobentheim.de\/en\/wp-json\/wp\/v2\/comments?post=113"}],"version-history":[{"count":0,"href":"https:\/\/polobentheim.de\/en\/wp-json\/wp\/v2\/pages\/113\/revisions"}],"wp:featuredmedia":[{"embeddable":true,"href":"https:\/\/polobentheim.de\/en\/wp-json\/wp\/v2\/media\/90"}],"wp:attachment":[{"href":"https:\/\/polobentheim.de\/en\/wp-json\/wp\/v2\/media?parent=113"}],"curies":[{"name":"wp","href":"https:\/\/api.w.org\/{rel}","templated":true}]}}